{"id":2272,"date":"2024-10-16T06:50:15","date_gmt":"2024-10-16T05:50:15","guid":{"rendered":"https:\/\/www.moptesting.com\/?page_id=2272"},"modified":"2025-01-02T08:55:12","modified_gmt":"2025-01-02T00:55:12","slug":"contact","status":"publish","type":"page","link":"https:\/\/www.moptesting.com\/vi\/contact","title":{"rendered":"Li\u00ean h\u1ec7"},"content":{"rendered":"<div class=\"row row-collapse row-full-width\"  id=\"row-262742486\">\n\n\n\t<div id=\"col-86540985\" class=\"col small-12 large-12\"  >\n\t\t\t\t<div class=\"col-inner\"  >\n\t\t\t\n\t\t\t\n\n\t<section class=\"section has-parallax\" id=\"section_1658957498\">\n\t\t<div class=\"bg section-bg fill bg-fill\" data-parallax-container=\".section\" data-parallax-background data-parallax=\"-3\">\n\n\t\t\t\n\t\t\t\n\t\t\t\n\n\t\t<\/div>\n\n\t\t\n\n\t\t<div class=\"section-content relative\">\n\t\t\t\n\n<div class=\"row row-collapse align-center\" style=\"max-width:\" id=\"row-731809854\">\n\n\n\t<div id=\"col-541494424\" class=\"col small-12 large-12\"  >\n\t\t\t\t<div class=\"col-inner text-center dark\"  >\n\t\t\t\n\t\t\t\n\n<h1><span style=\"font-size: 250%;\">Li\u00ean h\u1ec7 v\u1edbi Mop Testing\u00a0<\/span><\/h1>\n<p class=\"lead\"><span style=\"font-size: 120%;\">G\u1eedi cho ch\u00fang t\u00f4i Cell Instruments m\u1ed9t tin nh\u1eafn<\/span><\/p>\n\n\t\t<\/div>\n\t\t\t\t\n<style>\n#col-541494424 > .col-inner {\n  padding: 100px 20px 200px 0px;\n}\n@media (min-width:550px) {\n  #col-541494424 > .col-inner {\n    padding: 100px 0px 200px 0px;\n  }\n}\n<\/style>\n\t<\/div>\n\n\t\n\n<\/div>\n\n\t\t<\/div>\n\n\t\t\n<style>\n#section_1658957498 {\n  padding-top: 0px;\n  padding-bottom: 0px;\n  min-height: 0px;\n}\n#section_1658957498 .section-bg-overlay {\n  background-color: rgba(0, 0, 0, 0.12);\n}\n#section_1658957498 .section-bg.bg-loaded {\n  background-image: url(https:\/\/www.moptesting.com\/wp-content\/uploads\/2024\/10\/Cell-Instruments-Office--scaled.webp);\n}\n#section_1658957498 .section-bg {\n  background-position: 73% 46%;\n}\n@media (min-width:550px) {\n  #section_1658957498 {\n    padding-top: 0px;\n    padding-bottom: 0px;\n  }\n  #section_1658957498 .section-bg-overlay {\n    background-color: rgba(0, 0, 0, 0.21);\n  }\n}\n@media (min-width:850px) {\n  #section_1658957498 {\n    padding-top: 100px;\n    padding-bottom: 100px;\n  }\n}\n<\/style>\n\t<\/section>\n\t\n\n\t\t<\/div>\n\t\t\t\t\n<style>\n#col-86540985 > .col-inner {\n  padding: 0px 30px 0px 30px;\n}\n<\/style>\n\t<\/div>\n\n\t\n\n<\/div>\n<div class=\"row row-large\" style=\"max-width:1400px\" id=\"row-766138967\">\n\n\n\t<div id=\"col-1579361067\" class=\"col small-12 large-12\"  >\n\t\t\t\t<div class=\"col-inner\" style=\"background-color:rgb(255, 255, 255);\" >\n\t\t\t\n\t\t\t\n\n<div class=\"row row-collapse row-full-width\"  id=\"row-1385463148\">\n\n\n\t<div id=\"col-232052906\" class=\"col medium-12 small-12 large-6\"  >\n\t\t\t\t<div class=\"col-inner\"  >\n\t\t\t\n\t\t\t\n\n<h2><span style=\"font-size: 120%;\">Li\u00ean h\u1ec7 v\u1edbi ch\u00fang t\u00f4i<\/span><\/h2>\n<p>Ch\u00fang t\u00f4i \u1edf \u0111\u00e2y \u0111\u1ec3 h\u1ed7 tr\u1ee3 b\u1ea1n trong nhu c\u1ea7u ki\u1ec3m tra c\u00e2y lau nh\u00e0!<\/p>\n\t<div id=\"gap-459165101\" class=\"gap-element clearfix\" style=\"display:block; height:auto;\">\n\t\t\n<style>\n#gap-459165101 {\n  padding-top: 20px;\n}\n@media (min-width:550px) {\n  #gap-459165101 {\n    padding-top: 20px;\n  }\n}\n@media (min-width:850px) {\n  #gap-459165101 {\n    padding-top: 30px;\n  }\n}\n<\/style>\n\t<\/div>\n\t\n\n<div class=\"row\"  id=\"row-375595468\">\n\n\n\t<div id=\"col-309686169\" class=\"col medium-6 small-12 large-6\"  >\n\t\t\t\t<div class=\"col-inner\"  >\n\t\t\t\n\t\t\t\n\n\t<div class=\"img has-hover x md-x lg-x y md-y lg-y\" id=\"image_170814825\">\n\t\t\t\t\t\t\t\t<div class=\"img-inner dark\" >\n\t\t\t<img fetchpriority=\"high\" decoding=\"async\" width=\"240\" height=\"240\" src=\"https:\/\/www.moptesting.com\/wp-content\/uploads\/2024\/10\/map-pin-2-fill-2.png\" class=\"attachment-large size-large\" alt=\"\" srcset=\"https:\/\/www.moptesting.com\/wp-content\/uploads\/2024\/10\/map-pin-2-fill-2.png 240w, https:\/\/www.moptesting.com\/wp-content\/uploads\/2024\/10\/map-pin-2-fill-2-100x100.png 100w\" sizes=\"(max-width: 240px) 100vw, 240px\" \/>\t\t\t\t\t\t\n\t\t\t\t\t<\/div>\n\t\t\t\t\t\t\t\t\n<style>\n#image_170814825 {\n  width: 15%;\n}\n@media (min-width:550px) {\n  #image_170814825 {\n    width: 20%;\n  }\n}\n<\/style>\n\t<\/div>\n\t\n\n<h3 class=\"uppercase\">\u0110\u1ecba ch\u1ec9<\/h3>\n<p>S\u1ed1 5577, \u0110\u01b0\u1eddng C\u00f4ng D\u00e3 B\u1eafc,&nbsp;<br \/>T\u1ebf Nam, 250109\uff0c<br \/>S\u01a1n \u0110\u00f4ng, Trung Qu\u1ed1c<\/p>\n\n\t\t<\/div>\n\t\t\t\t\t<\/div>\n\n\t\n\n\t<div id=\"col-1361308935\" class=\"col medium-5 small-12 large-6\"  >\n\t\t\t\t<div class=\"col-inner\"  >\n\t\t\t\n\t\t\t\n\n\t<div class=\"img has-hover x md-x lg-x y md-y lg-y\" id=\"image_1909330099\">\n\t\t\t\t\t\t\t\t<div class=\"img-inner dark\" >\n\t\t\t<img decoding=\"async\" width=\"240\" height=\"240\" src=\"https:\/\/www.moptesting.com\/wp-content\/uploads\/2024\/10\/time-fill.png\" class=\"attachment-large size-large\" alt=\"\" srcset=\"https:\/\/www.moptesting.com\/wp-content\/uploads\/2024\/10\/time-fill.png 240w, https:\/\/www.moptesting.com\/wp-content\/uploads\/2024\/10\/time-fill-100x100.png 100w\" sizes=\"(max-width: 240px) 100vw, 240px\" \/>\t\t\t\t\t\t\n\t\t\t\t\t<\/div>\n\t\t\t\t\t\t\t\t\n<style>\n#image_1909330099 {\n  width: 15%;\n}\n@media (min-width:550px) {\n  #image_1909330099 {\n    width: 20%;\n  }\n}\n<\/style>\n\t<\/div>\n\t\n\n<h3 class=\"uppercase\">Gi\u1edd m\u1edf c\u1eeda<\/h3>\n<p>Th\u1ee9 Hai \u0111\u1ebfn Th\u1ee9 S\u00e1u: 8 gi\u1edd s\u00e1ng \u2013 6 gi\u1edd chi\u1ec1u<br \/>Th\u1ee9 B\u1ea3y: 8 gi\u1edd s\u00e1ng \u2013 5 gi\u1edd chi\u1ec1u<br \/>Ch\u1ee7 Nh\u1eadt: \u0110\u00f3ng c\u1eeda<\/p>\n\n\t\t<\/div>\n\t\t\t\t\t<\/div>\n\n\t\n\n<\/div>\n<div class=\"row\"  id=\"row-1152061714\">\n\n\n\t<div id=\"col-46217524\" class=\"col medium-6 small-12 large-6\"  >\n\t\t\t\t<div class=\"col-inner\"  >\n\t\t\t\n\t\t\t\n\n\t<div class=\"img has-hover x md-x lg-x y md-y lg-y\" id=\"image_613976305\">\n\t\t\t\t\t\t\t\t<div class=\"img-inner dark\" >\n\t\t\t<img decoding=\"async\" width=\"240\" height=\"240\" src=\"https:\/\/www.moptesting.com\/wp-content\/uploads\/2024\/10\/mail-open-fill.png\" class=\"attachment-large size-large\" alt=\"\" srcset=\"https:\/\/www.moptesting.com\/wp-content\/uploads\/2024\/10\/mail-open-fill.png 240w, https:\/\/www.moptesting.com\/wp-content\/uploads\/2024\/10\/mail-open-fill-100x100.png 100w\" sizes=\"(max-width: 240px) 100vw, 240px\" \/>\t\t\t\t\t\t\n\t\t\t\t\t<\/div>\n\t\t\t\t\t\t\t\t\n<style>\n#image_613976305 {\n  width: 15%;\n}\n@media (min-width:550px) {\n  #image_613976305 {\n    width: 20%;\n  }\n}\n<\/style>\n\t<\/div>\n\t\n\n<h3 class=\"uppercase\">E-mail<\/h3>\n<p>marketing@celtec.cn<\/p>\n\n\t\t<\/div>\n\t\t\t\t\t<\/div>\n\n\t\n\n\t<div id=\"col-1538639815\" class=\"col medium-6 small-12 large-6\"  >\n\t\t\t\t<div class=\"col-inner\"  >\n\t\t\t\n\t\t\t\n\n\t<div class=\"img has-hover x md-x lg-x y md-y lg-y\" id=\"image_419022435\">\n\t\t\t\t\t\t\t\t<div class=\"img-inner dark\" >\n\t\t\t<img loading=\"lazy\" decoding=\"async\" width=\"240\" height=\"240\" src=\"https:\/\/www.moptesting.com\/wp-content\/uploads\/2024\/10\/phone-fill.png\" class=\"attachment-large size-large\" alt=\"\" srcset=\"https:\/\/www.moptesting.com\/wp-content\/uploads\/2024\/10\/phone-fill.png 240w, https:\/\/www.moptesting.com\/wp-content\/uploads\/2024\/10\/phone-fill-100x100.png 100w\" sizes=\"(max-width: 240px) 100vw, 240px\" \/>\t\t\t\t\t\t\n\t\t\t\t\t<\/div>\n\t\t\t\t\t\t\t\t\n<style>\n#image_419022435 {\n  width: 15%;\n}\n@media (min-width:550px) {\n  #image_419022435 {\n    width: 20%;\n  }\n}\n<\/style>\n\t<\/div>\n\t\n\n<h3 class=\"uppercase\">\u0111i\u1ec7n tho\u1ea1i<\/h3>\n<p>+86 18560013985 (7*24H)<\/p>\n\n\t\t<\/div>\n\t\t\t\t\t<\/div>\n\n\t\n\n<\/div>\n<h3 class=\"uppercase\">Theo d\u00f5i ch\u00fang t\u00f4i<\/h3>\n<div class=\"social-icons follow-icons\" ><a href=\"https:\/\/www.facebook.com\/cellinstruments\/\" target=\"_blank\" data-label=\"Facebook\" class=\"icon button circle is-outline facebook tooltip\" title=\"Theo d\u00f5i tr\u00ean Facebook\" aria-label=\"Theo d\u00f5i tr\u00ean Facebook\" rel=\"noopener nofollow\" ><i class=\"icon-facebook\" ><\/i><\/a><a href=\"https:\/\/x.com\/celtecowen\" data-label=\"X\" target=\"_blank\" class=\"icon button circle is-outline x tooltip\" title=\"Theo d\u00f5i X\" aria-label=\"Theo d\u00f5i X\" rel=\"noopener nofollow\" ><i class=\"icon-x\" ><\/i><\/a><a href=\"https:\/\/x.com\/celtecowen\" data-label=\"Twitter\" target=\"_blank\" class=\"icon button circle is-outline twitter tooltip\" title=\"Theo d\u00f5i tr\u00ean Twitter\" aria-label=\"Theo d\u00f5i tr\u00ean Twitter\" rel=\"noopener nofollow\" ><i class=\"icon-twitter\" ><\/i><\/a><a href=\"mailto:marketing@celtec.cn\" data-label=\"E-mail\" target=\"_blank\" class=\"icon button circle is-outline email tooltip\" title=\"G\u1eedi email cho ch\u00fang t\u00f4i\" aria-label=\"G\u1eedi email cho ch\u00fang t\u00f4i\" rel=\"nofollow noopener\" ><i class=\"icon-envelop\" ><\/i><\/a><a href=\"tel: 8618560013985\" data-label=\"Phone\" target=\"_blank\" class=\"icon button circle is-outline phone tooltip\" title=\"G\u1ecdi cho ch\u00fang t\u00f4i\" aria-label=\"G\u1ecdi cho ch\u00fang t\u00f4i\" rel=\"nofollow noopener\" ><i class=\"icon-phone\" ><\/i><\/a><a href=\"https:\/\/www.linkedin.com\/company\/cell-instruments\" data-label=\"LinkedIn\" target=\"_blank\" class=\"icon button circle is-outline linkedin tooltip\" title=\"Theo d\u00f5i tr\u00ean LinkedIn\" aria-label=\"Theo d\u00f5i tr\u00ean LinkedIn\" rel=\"noopener nofollow\" ><i class=\"icon-linkedin\" ><\/i><\/a><a href=\"https:\/\/www.youtube.com\/@cellinstruments\" data-label=\"YouTube\" target=\"_blank\" class=\"icon button circle is-outline youtube tooltip\" title=\"Theo d\u00f5i tr\u00ean YouTube\" aria-label=\"Theo d\u00f5i tr\u00ean YouTube\" rel=\"noopener nofollow\" ><i class=\"icon-youtube\" ><\/i><\/a><\/div>\n\n\n\t\t<\/div>\n\t\t\t\t\n<style>\n#col-232052906 > .col-inner {\n  padding: 0px 0px 0px 20px;\n}\n<\/style>\n\t<\/div>\n\n\t\n\n\t<div id=\"col-2048090229\" class=\"col medium-12 small-12 large-6\"  >\n\t\t\t\t<div class=\"col-inner\"  >\n\t\t\t\n\t\t\t\n\n<h2><span style=\"font-size: 120%;\">\u0110\u1eb7t m\u1ed9t c\u00e2u h\u1ecfi<\/span><\/h2>\n\n\n<div class=\"wpforms-container wpforms-container-full wpforms-render-modern\" id=\"wpforms-4015\"><form id=\"wpforms-form-4015\" class=\"wpforms-validate wpforms-form wpforms-ajax-form\" data-formid=\"4015\" method=\"post\" enctype=\"multipart\/form-data\" action=\"\/vi\/wp-json\/wp\/v2\/pages\/2272\" data-token=\"2d0c6b91cde2970cab8af4560649dbf0\" data-token-time=\"1777569333\" data-trp-original-action=\"\/vi\/wp-json\/wp\/v2\/pages\/2272\"><noscript class=\"wpforms-error-noscript\">Vui l\u00f2ng b\u1eadt JavaScript trong tr\u00ecnh duy\u1ec7t c\u1ee7a b\u1ea1n \u0111\u1ec3 ho\u00e0n th\u00e0nh Form n\u00e0y.<\/noscript><div class=\"wpforms-hidden\" id=\"wpforms-error-noscript\">Vui l\u00f2ng b\u1eadt JavaScript trong tr\u00ecnh duy\u1ec7t c\u1ee7a b\u1ea1n \u0111\u1ec3 ho\u00e0n th\u00e0nh Form n\u00e0y.<\/div><div class=\"wpforms-field-container\"><div id=\"wpforms-4015-field_6-container\" class=\"wpforms-field wpforms-field-name\" data-field-id=\"6\"><label class=\"wpforms-field-label wpforms-label-hide\" for=\"wpforms-4015-field_6\" aria-hidden=\"false\">T\u00ean <span class=\"wpforms-required-label\" aria-hidden=\"true\">*<\/span><\/label><input type=\"text\" id=\"wpforms-4015-field_6\" class=\"wpforms-field-large wpforms-field-required\" name=\"wpforms[fields][6]\" placeholder=\"T\u00ean*\" aria-errormessage=\"wpforms-4015-field_6-error\" required><\/div><div id=\"wpforms-4015-field_5-container\" class=\"wpforms-field wpforms-field-email\" data-field-id=\"5\"><label class=\"wpforms-field-label wpforms-label-hide\" for=\"wpforms-4015-field_5\" aria-hidden=\"false\">E-mail <span class=\"wpforms-required-label\" aria-hidden=\"true\">*<\/span><\/label><input type=\"email\" id=\"wpforms-4015-field_5\" class=\"wpforms-field-large wpforms-field-required\" name=\"wpforms[fields][5]\" placeholder=\"E-mail*\" spellcheck=\"false\" aria-errormessage=\"wpforms-4015-field_5-error\" required><\/div><div id=\"wpforms-4015-field_4-container\" class=\"wpforms-field wpforms-field-text\" data-field-id=\"4\"><label class=\"wpforms-field-label wpforms-label-hide\" for=\"wpforms-4015-field_4\" aria-hidden=\"false\">\u0110i\u1ec7n tho\u1ea1i<\/label><input type=\"text\" id=\"wpforms-4015-field_4\" class=\"wpforms-field-large\" name=\"wpforms[fields][4]\" placeholder=\"\u0110i\u1ec7n tho\u1ea1i\" aria-errormessage=\"wpforms-4015-field_4-error\" ><\/div><div id=\"wpforms-4015-field_2-container\" class=\"wpforms-field wpforms-field-text\" data-field-id=\"2\"><label class=\"wpforms-field-label wpforms-label-hide\" for=\"wpforms-4015-field_2\" aria-hidden=\"false\">C\u00f4ng ty<\/label><input type=\"text\" id=\"wpforms-4015-field_2\" class=\"wpforms-field-large\" name=\"wpforms[fields][2]\" placeholder=\"C\u00f4ng ty\" aria-errormessage=\"wpforms-4015-field_2-error\" ><\/div><div id=\"wpforms-4015-field_7-container\" class=\"wpforms-field wpforms-field-textarea\" data-field-id=\"7\"><label class=\"wpforms-field-label wpforms-label-hide\" for=\"wpforms-4015-field_7\" aria-hidden=\"false\">Tin nh\u1eafn <span class=\"wpforms-required-label\" aria-hidden=\"true\">*<\/span><\/label><textarea id=\"wpforms-4015-field_7\" class=\"wpforms-field-medium wpforms-field-required\" name=\"wpforms[fields][7]\" placeholder=\"Tin nh\u1eafn*\" aria-errormessage=\"wpforms-4015-field_7-error\" required><\/textarea><\/div><\/div><!-- .wpforms-field-container --><div class=\"wpforms-recaptcha-container wpforms-is-recaptcha wpforms-is-recaptcha-type-v2\" ><div class=\"g-recaptcha\" data-sitekey=\"6LeL0eYpAAAAAMEAt8yls_GSwRJNUDvC3dPIs02w\"><\/div><input type=\"text\" name=\"g-recaptcha-hidden\" class=\"wpforms-recaptcha-hidden\" style=\"position:absolute!important;clip:rect(0,0,0,0)!important;height:1px!important;width:1px!important;border:0!important;overflow:hidden!important;padding:0!important;margin:0!important;\" data-rule-recaptcha=\"1\"><\/div><div class=\"wpforms-submit-container\" ><input type=\"hidden\" name=\"wpforms[id]\" value=\"4015\"><input type=\"hidden\" name=\"page_title\" value=\"\"><input type=\"hidden\" name=\"page_url\" value=\"https:\/\/www.moptesting.com\/vi\/wp-json\/wp\/v2\/pages\/2272\"><span class=\"wpcf7-form-control-wrap cf7ic-wpf kc_captcha\" data-name=\"kc_captcha\"><span class=\"wpcf7-form-control wpcf7-cf7ic\"><span class=\"captcha-image cf7ic-style1\" style=\"border:none;\"><span class=\"cf7ic_instructions\">Please prove you are human by selecting the <span>plane<\/span>:<span class=\"cf7ic-icon-wrapper\"><label><input aria-label=\"1\" type=\"radio\" name=\"kc_captcha\" value=\"a4e8a1e2e3ea77ffe5d0b25f57bf120bbe120c6d777862a792be6cbde9422935\" \/><i class=\"fa fa-heart\"><\/i><\/label><label><input aria-label=\"2\" type=\"radio\" name=\"kc_captcha\" value=\"106ee6bdcabb1704adb1f9eaecf0718852185cc157b89bd4d1a6098bf628b03e\" \/><i class=\"fa fa-tree\"><\/i><\/label><label><input aria-label=\"3\" type=\"radio\" name=\"kc_captcha\" value=\"95c590e5309b71e61683953849d6ef50c5b5d391894d9e5a76c91527eebaed61\" \/><i class=\"fa fa-plane\"><\/i><\/label><span aria-hidden=\"true\" class=\"ai1ic-fields\"><input type=\"hidden\" name=\"cf7ic_exists\" value=\"true\"\/><input type=\"hidden\" name=\"kc_key\" value=\"JHp7dxOhQizAxuhG4wc8\"><input type=\"text\" name=\"kc_honeypot\" tabindex=\"-1\" value=\"\"><\/span><\/span><\/span><\/span><\/span><\/span><button type=\"submit\" name=\"wpforms[submit]\" id=\"wpforms-submit-4015\" class=\"wpforms-submit\" data-alt-text=\"Sending\u2026\" data-submit-text=\"Submit\" aria-live=\"assertive\" value=\"wpforms-submit\">N\u1ed9p<\/button><img loading=\"lazy\" decoding=\"async\" src=\"https:\/\/www.moptesting.com\/wp-content\/plugins\/wpforms-lite\/assets\/images\/submit-spin.svg\" class=\"wpforms-submit-spinner\" style=\"display: none;\" width=\"26\" height=\"26\" alt=\"\u0110ang t\u1ea3i\"><\/div><input type=\"hidden\" name=\"trp-form-language\" value=\"vi\"\/><\/form><\/div>  <!-- .wpforms-container -->\n\n\n\t\t<\/div>\n\t\t\t\t\n<style>\n#col-2048090229 > .col-inner {\n  margin: 50px 0px 0px 0px;\n}\n<\/style>\n\t<\/div>\n\n\t\n\n\n<style>\n#row-1385463148 > .col > .col-inner {\n  padding: 0px 15px 0px 15px;\n}\n<\/style>\n<\/div>\n\n\t\t<\/div>\n\t\t\t\t\n<style>\n#col-1579361067 > .col-inner {\n  padding: 50px 20px 0px 20px;\n  margin: -0 0px 0px 0px;\n}\n@media (min-width:550px) {\n  #col-1579361067 > .col-inner {\n    padding: 50px 20px 30px 20px;\n    margin: 0 0px 0px 0px;\n  }\n}\n@media (min-width:850px) {\n  #col-1579361067 > .col-inner {\n    padding: 66px 5% 16px 5%;\n    margin: -135px 0px 0px 0px;\n  }\n}\n<\/style>\n\t<\/div>\n\n\t\n\n<\/div>\n\n\t<script type=\"text\/javascript\">\n  jQuery( document ).ready(function() {\n    function initialize() {\n        var styles = {\n            'flatsome':  [{\n            \"featureType\": \"administrative\",\n            \"stylers\": [\n              { \"visibility\": \"on\" }\n            ]\n          },\n          {\n            \"featureType\": \"road\",\n            \"stylers\": [\n              { \"visibility\": \"on\" },\n              { \"hue\": \"\" }\n            ]\n          },\n          {\n            \"stylers\": [\n\t\t\t  { \"visibility\": \"on\" },\n\t\t\t  { \"hue\": \"\" },\n\t\t\t  { \"saturation\": -30 }\n            ]\n          }\n        ]};\n\n        var myLatlng = new google.maps.LatLng(117.27, 36.73);\n        var myOptions = {\n            zoom: 17,\n            center: myLatlng,\n            mapTypeId: google.maps.MapTypeId.ROADMAP,\n            disableDefaultUI: true,\n            mapTypeId: 'flatsome',\n            draggable: true,\n            zoomControl: false,\n            zoomControlOptions: {\n              position: google.maps.ControlPosition.TOP_LEFT\n            },\n      \t\t\t\/\/ panControl: false,\n            \/\/ panControlOptions: {\n            \/\/   position: google.maps.ControlPosition.TOP_LEFT\n            \/\/ },\n      \t\t\tmapTypeControl: false,\n            mapTypeControlOptions: {\n              position: google.maps.ControlPosition.TOP_LEFT\n            },\n      \t\t\t\/\/ scaleControl: false,\n            \/\/ scaleControlOptions: {\n            \/\/   position: google.maps.ControlPosition.TOP_LEFT\n            \/\/ },\n      \t\t\tstreetViewControl: false,\n            streetViewControlOptions: {\n              position: google.maps.ControlPosition.TOP_LEFT\n            },\n      \t\t\t\/\/ overviewMapControl: false,\n            \/\/ overviewMapControlOptions: {\n            \/\/   position: google.maps.ControlPosition.TOP_LEFT\n            \/\/ },\n            scrollwheel: false,\n            disableDoubleClickZoom: true\n        }\n        var map = new google.maps.Map(document.getElementById(\"map-1575834625-inner\"), myOptions);\n        var styledMapType = new google.maps.StyledMapType(styles['flatsome'], {name: 'flatsome'});\n        map.mapTypes.set('flatsome', styledMapType);\n\n        var marker = new google.maps.Marker({\n            position: myLatlng,\n            map: map,\n            title:\"\"\n        });\n    }\n\n    \/\/ Required to proceed\n    if (!(typeof google === 'object' && typeof google.maps === 'object')) {\n      return\n    }\n\n    initialize()\n    google.maps.event.addDomListener(window, 'resize', initialize);\n    });\n    <\/script>\n\n    <div class=\"google-map relative mb\" id=\"map-1575834625\">\n        <div class=\"map-height\" id=\"map-1575834625-inner\"><\/div>\n        <div id=\"map_overlay_top\"><\/div>\n        <div id=\"map_overlay_bottom\"><\/div>\n                  <div class=\"map_inner map-inner last-reset absolute x100 md-x95 lg-x95 y100 md-y95 lg-y95\">\n              \n\n<p>          Nh\u1eadp \u0111\u1ecba ch\u1ec9 \u0111\u01b0\u1eddng ph\u1ed1 \u1edf \u0111\u00e2y. Ho\u1eb7c b\u1ea5t k\u1ef3 th\u00f4ng tin n\u00e0o kh\u00e1c m\u00e0 b\u1ea1n mu\u1ed1n.<\/p>\n\n         <\/div>\n       \n       \n<style>\n#map-1575834625 .map-inner {\n  background-color: #fff;\n  max-width: 100%;\n}\n#map-1575834625 .map-height {\n  height: 400px;\n}\n@media (min-width:550px) {\n  #map-1575834625 .map-inner {\n    max-width: 40%;\n  }\n}\n@media (min-width:850px) {\n  #map-1575834625 .map-inner {\n    max-width: 30%;\n  }\n}\n<\/style>\n    <\/div>","protected":false},"excerpt":{"rendered":"","protected":false},"author":1,"featured_media":0,"parent":0,"menu_order":0,"comment_status":"closed","ping_status":"closed","template":"page-blank.php","meta":{"footnotes":""},"class_list":["post-2272","page","type-page","status-publish","hentry"],"yoast_head":"<!-- This site is optimized with the Yoast SEO plugin v24.2 - https:\/\/yoast.com\/wordpress\/plugins\/seo\/ -->\n<title>Contact - Mop Test Equipment<\/title>\n<meta name=\"robots\" content=\"index, follow, max-snippet:-1, max-image-preview:large, max-video-preview:-1\" \/>\n<link rel=\"canonical\" href=\"https:\/\/www.moptesting.com\/vi\/contact\/\" \/>\n<meta property=\"og:locale\" content=\"vi_VN\" \/>\n<meta property=\"og:type\" content=\"article\" \/>\n<meta property=\"og:title\" content=\"Contact - Mop Test Equipment\" \/>\n<meta property=\"og:url\" content=\"https:\/\/www.moptesting.com\/vi\/contact\/\" \/>\n<meta property=\"og:site_name\" content=\"Mop Test Equipment\" \/>\n<meta property=\"article:publisher\" content=\"https:\/\/www.facebook.com\/cellinstruments\/\" \/>\n<meta property=\"article:modified_time\" content=\"2025-01-02T00:55:12+00:00\" \/>\n<meta name=\"twitter:card\" content=\"summary_large_image\" \/>\n<meta name=\"twitter:label1\" content=\"\u01af\u1edbc t\u00ednh th\u1eddi gian \u0111\u1ecdc\" \/>\n\t<meta name=\"twitter:data1\" content=\"2 ph\u00fat\" \/>\n<script type=\"application\/ld+json\" class=\"yoast-schema-graph\">{\"@context\":\"https:\/\/schema.org\",\"@graph\":[{\"@type\":\"WebPage\",\"@id\":\"https:\/\/www.moptesting.com\/contact\",\"url\":\"https:\/\/www.moptesting.com\/contact\",\"name\":\"Contact - Mop Test Equipment\",\"isPartOf\":{\"@id\":\"https:\/\/www.moptesting.com\/#website\"},\"datePublished\":\"2024-10-16T05:50:15+00:00\",\"dateModified\":\"2025-01-02T00:55:12+00:00\",\"breadcrumb\":{\"@id\":\"https:\/\/www.moptesting.com\/contact#breadcrumb\"},\"inLanguage\":\"vi\",\"potentialAction\":[{\"@type\":\"ReadAction\",\"target\":[\"https:\/\/www.moptesting.com\/contact\"]}]},{\"@type\":\"BreadcrumbList\",\"@id\":\"https:\/\/www.moptesting.com\/contact#breadcrumb\",\"itemListElement\":[{\"@type\":\"ListItem\",\"position\":1,\"name\":\"Home\",\"item\":\"https:\/\/www.moptesting.com\/pt\/\"},{\"@type\":\"ListItem\",\"position\":2,\"name\":\"Contact\"}]},{\"@type\":\"WebSite\",\"@id\":\"https:\/\/www.moptesting.com\/#website\",\"url\":\"https:\/\/www.moptesting.com\/\",\"name\":\"Leakage Testing Solutions\",\"description\":\"CELL INSTRUMENTS CO., LTD.\",\"publisher\":{\"@id\":\"https:\/\/www.moptesting.com\/#organization\"},\"potentialAction\":[{\"@type\":\"SearchAction\",\"target\":{\"@type\":\"EntryPoint\",\"urlTemplate\":\"https:\/\/www.moptesting.com\/?s={search_term_string}\"},\"query-input\":{\"@type\":\"PropertyValueSpecification\",\"valueRequired\":true,\"valueName\":\"search_term_string\"}}],\"inLanguage\":\"vi\"},{\"@type\":\"Organization\",\"@id\":\"https:\/\/www.moptesting.com\/#organization\",\"name\":\"Cell Instruments Co., Ltd.\",\"url\":\"https:\/\/www.moptesting.com\/\",\"logo\":{\"@type\":\"ImageObject\",\"inLanguage\":\"vi\",\"@id\":\"https:\/\/www.moptesting.com\/#\/schema\/logo\/image\/\",\"url\":\"https:\/\/www.moptesting.com\/wp-content\/uploads\/2024\/05\/EN-One-Stop-Solutions-Provider.png\",\"contentUrl\":\"https:\/\/www.moptesting.com\/wp-content\/uploads\/2024\/05\/EN-One-Stop-Solutions-Provider.png\",\"width\":1269,\"height\":342,\"caption\":\"Cell Instruments Co., Ltd.\"},\"image\":{\"@id\":\"https:\/\/www.moptesting.com\/#\/schema\/logo\/image\/\"},\"sameAs\":[\"https:\/\/www.facebook.com\/cellinstruments\/\"]}]}<\/script>\n<!-- \/ Yoast SEO plugin. -->","yoast_head_json":{"title":"Contact - Mop Test Equipment","robots":{"index":"index","follow":"follow","max-snippet":"max-snippet:-1","max-image-preview":"max-image-preview:large","max-video-preview":"max-video-preview:-1"},"canonical":"https:\/\/www.moptesting.com\/vi\/contact\/","og_locale":"vi_VN","og_type":"article","og_title":"Contact - Mop Test Equipment","og_url":"https:\/\/www.moptesting.com\/vi\/contact\/","og_site_name":"Mop Test Equipment","article_publisher":"https:\/\/www.facebook.com\/cellinstruments\/","article_modified_time":"2025-01-02T00:55:12+00:00","twitter_card":"summary_large_image","twitter_misc":{"\u01af\u1edbc t\u00ednh th\u1eddi gian \u0111\u1ecdc":"2 ph\u00fat"},"schema":{"@context":"https:\/\/schema.org","@graph":[{"@type":"WebPage","@id":"https:\/\/www.moptesting.com\/contact","url":"https:\/\/www.moptesting.com\/contact","name":"Contact - Mop Test Equipment","isPartOf":{"@id":"https:\/\/www.moptesting.com\/#website"},"datePublished":"2024-10-16T05:50:15+00:00","dateModified":"2025-01-02T00:55:12+00:00","breadcrumb":{"@id":"https:\/\/www.moptesting.com\/contact#breadcrumb"},"inLanguage":"vi","potentialAction":[{"@type":"ReadAction","target":["https:\/\/www.moptesting.com\/contact"]}]},{"@type":"BreadcrumbList","@id":"https:\/\/www.moptesting.com\/contact#breadcrumb","itemListElement":[{"@type":"ListItem","position":1,"name":"Home","item":"https:\/\/www.moptesting.com\/pt\/"},{"@type":"ListItem","position":2,"name":"Contact"}]},{"@type":"WebSite","@id":"https:\/\/www.moptesting.com\/#website","url":"https:\/\/www.moptesting.com\/","name":"Leakage Testing Solutions","description":"CELL INSTRUMENTS CO., LTD.","publisher":{"@id":"https:\/\/www.moptesting.com\/#organization"},"potentialAction":[{"@type":"SearchAction","target":{"@type":"EntryPoint","urlTemplate":"https:\/\/www.moptesting.com\/?s={search_term_string}"},"query-input":{"@type":"PropertyValueSpecification","valueRequired":true,"valueName":"search_term_string"}}],"inLanguage":"vi"},{"@type":"Organization","@id":"https:\/\/www.moptesting.com\/#organization","name":"Cell Instruments Co., Ltd.","url":"https:\/\/www.moptesting.com\/","logo":{"@type":"ImageObject","inLanguage":"vi","@id":"https:\/\/www.moptesting.com\/#\/schema\/logo\/image\/","url":"https:\/\/www.moptesting.com\/wp-content\/uploads\/2024\/05\/EN-One-Stop-Solutions-Provider.png","contentUrl":"https:\/\/www.moptesting.com\/wp-content\/uploads\/2024\/05\/EN-One-Stop-Solutions-Provider.png","width":1269,"height":342,"caption":"Cell Instruments Co., Ltd."},"image":{"@id":"https:\/\/www.moptesting.com\/#\/schema\/logo\/image\/"},"sameAs":["https:\/\/www.facebook.com\/cellinstruments\/"]}]}},"_links":{"self":[{"href":"https:\/\/www.moptesting.com\/vi\/wp-json\/wp\/v2\/pages\/2272","targetHints":{"allow":["GET"]}}],"collection":[{"href":"https:\/\/www.moptesting.com\/vi\/wp-json\/wp\/v2\/pages"}],"about":[{"href":"https:\/\/www.moptesting.com\/vi\/wp-json\/wp\/v2\/types\/page"}],"author":[{"embeddable":true,"href":"https:\/\/www.moptesting.com\/vi\/wp-json\/wp\/v2\/users\/1"}],"replies":[{"embeddable":true,"href":"https:\/\/www.moptesting.com\/vi\/wp-json\/wp\/v2\/comments?post=2272"}],"version-history":[{"count":0,"href":"https:\/\/www.moptesting.com\/vi\/wp-json\/wp\/v2\/pages\/2272\/revisions"}],"wp:attachment":[{"href":"https:\/\/www.moptesting.com\/vi\/wp-json\/wp\/v2\/media?parent=2272"}],"curies":[{"name":"wp","href":"https:\/\/api.w.org\/{rel}","templated":true}]}}