{"id":3,"date":"2024-05-24T04:41:31","date_gmt":"2024-05-24T03:41:31","guid":{"rendered":"https:\/\/www.moptesting.com\/?page_id=3"},"modified":"2024-10-12T04:45:15","modified_gmt":"2024-10-12T03:45:15","slug":"privacy-policy","status":"publish","type":"page","link":"https:\/\/www.moptesting.com\/de\/privacy-policy","title":{"rendered":"Datenschutzrichtlinie"},"content":{"rendered":"<h2 class=\"wp-block-heading\">Wer wir sind<\/h2>\n\n\n\n<p>Unsere Website-Adresse lautet: https:\/\/www.moptesting.com.<\/p>\n\n\n\n<h2 class=\"wp-block-heading\">Kommentare<\/h2>\n\n\n\n<p>Wenn Besucher Kommentare auf der Site hinterlassen, erfassen wir die im Kommentarformular angezeigten Daten sowie die IP-Adresse des Besuchers und den User-Agent-String (damit wird der Browser identifiziert), um die Spam-Erkennung zu unterst\u00fctzen.<\/p>\n\n\n\n<p>Aus Ihrer E-Mail-Adresse kann eine anonymisierte Zeichenfolge erstellt werden (auch Hash genannt), die dem Gravatar-Dienst zur Verf\u00fcgung gestellt werden kann, um zu pr\u00fcfen, ob Sie ihn verwenden. Die Datenschutzrichtlinie des Gravatar-Dienstes finden Sie hier: https:\/\/automattic.com\/privacy\/. Nachdem Ihr Kommentar freigegeben wurde, ist Ihr Profilbild im Kontext Ihres Kommentars \u00f6ffentlich sichtbar.<\/p>\n\n\n\n<h2 class=\"wp-block-heading\">Medien<\/h2>\n\n\n\n<p>Wenn Sie Bilder auf die Website hochladen, sollten Sie das Hochladen von Bildern mit eingebetteten Standortdaten (EXIF GPS) vermeiden. Besucher der Website k\u00f6nnten Standortdaten aus Bildern, die auf der Website gespeichert sind, herunterladen und extrahieren.<\/p>\n\n\n\n<h2 class=\"wp-block-heading\">Dieses Portal verwendet Cookies zur Optimierung der Browserfunktion. Informieren Sie sich, wie wir Cookies verwenden und wie Sie Ihre Einstellungen \u00e4ndern k\u00f6nnen.<\/h2>\n\n\n\n<p>Wenn Sie einen Kommentar auf unserer Website hinterlassen, k\u00f6nnen Sie sich daf\u00fcr entscheiden, Ihren Namen, Ihre E-Mail-Adresse und Ihre Website in Cookies zu speichern. Dies dient Ihrer Bequemlichkeit, damit Sie Ihre Daten nicht erneut eingeben m\u00fcssen, wenn Sie einen weiteren Kommentar hinterlassen. Diese Cookies werden ein Jahr lang gespeichert.<\/p>\n\n\n\n<p>Falls du ein Konto hast und dich auf dieser Website anmeldest, werden wir ein tempor\u00e4res Cookie setzen, um festzustellen, ob dein Browser Cookies akzeptiert. Dieses Cookie enth\u00e4lt keine personenbezogenen Daten und wird verworfen, wenn du deinen Browser schlie\u00dft.<\/p>\n\n\n\n<p>Wenn Sie sich anmelden, werden wir au\u00dferdem mehrere Cookies einrichten, um Ihre Anmeldeinformationen und Ihre Anzeigeoptionen zu speichern. Anmelde-Cookies verfallen zwei Tage lang und Cookies f\u00fcr Anzeigeoptionen ein Jahr lang. Wenn Sie \u201eAngemeldet bleiben\u201c ausw\u00e4hlen, bleibt Ihre Anmeldung zwei Wochen lang bestehen. Wenn Sie sich von Ihrem Konto abmelden, werden die Anmelde-Cookies gel\u00f6scht.<\/p>\n\n\n\n<p>Wenn Sie einen Artikel bearbeiten oder ver\u00f6ffentlichen, wird ein zus\u00e4tzlicher Cookie in Ihrem Browser gespeichert. Dieser Cookie enth\u00e4lt keine personenbezogenen Daten und gibt lediglich die Beitrags-ID des Artikels an, den Sie gerade bearbeitet haben. Er verf\u00e4llt nach einem Tag.<\/p>\n\n\n\n<h2 class=\"wp-block-heading\">Eingebettete Inhalte von anderen Websites<\/h2>\n\n\n\n<p>Beitr\u00e4ge auf dieser Website k\u00f6nnen eingebettete Inhalte beinhalten (z. B. Videos, Bilder, Beitr\u00e4ge etc.). Eingebettete Inhalte von anderen Websites verhalten sich exakt so, als ob der Besucher die andere Website besucht h\u00e4tte.<\/p>\n\n\n\n<p>Diese Websites k\u00f6nnen Daten \u00fcber Sie sammeln, Cookies benutzen, zus\u00e4tzliche Tracking-Dienste von Dritten einbetten und Ihre Interaktion mit diesem eingebetteten Inhalt aufzeichnen, inklusive Ihrer Interaktion mit dem eingebetteten Inhalt, falls Sie ein Konto haben und auf dieser Website angemeldet sind.<\/p>\n\n\n\n<h2 class=\"wp-block-heading\">Mit wem wir Ihre Daten teilen<\/h2>\n\n\n\n<p><strong class=\"privacy-policy-tutorial\"> <\/strong>Wenn Sie eine Zur\u00fccksetzung des Passworts anfordern, wird Ihre IP-Adresse in der E-Mail zur Zur\u00fccksetzung enthalten sein.<\/p>\n\n\n\n<h2 class=\"wp-block-heading\">Wie lange wir Ihre Daten speichern<\/h2>\n\n\n\n<p>Wenn Sie einen Kommentar hinterlassen, werden dieser und seine Metadaten zeitlich unbegrenzt gespeichert. Auf diese Weise k\u00f6nnen wir Folgekommentare automatisch erkennen und freigeben, anstatt sie in einer Moderationswarteschlange festzuhalten.<\/p>\n\n\n\n<p>F\u00fcr Benutzer, die sich auf unserer Website registrieren (falls vorhanden), speichern wir zus\u00e4tzlich die pers\u00f6nlichen Informationen, die sie in ihren Benutzerprofilen angeben. Alle Benutzer k\u00f6nnen ihre pers\u00f6nlichen Informationen jederzeit einsehen, bearbeiten oder l\u00f6schen (der Benutzername kann nicht ge\u00e4ndert werden). Website-Administratoren k\u00f6nnen diese Informationen ebenfalls einsehen und bearbeiten.<\/p>\n\n\n\n<h2 class=\"wp-block-heading\">Welche Rechte du an deinen Daten hast<\/h2>\n\n\n\n<p>Wenn Sie ein Konto auf dieser Site besitzen oder Kommentare geschrieben haben, k\u00f6nnen Sie einen Export Ihrer bei uns gespeicherten personenbezogenen Daten anfordern, inklusive aller Daten, die Sie uns mitgeteilt haben. Dar\u00fcber hinaus k\u00f6nnen Sie die L\u00f6schung aller von Ihnen gespeicherten personenbezogenen Daten anfordern. Dies umfasst nicht die Daten, die wir aufgrund administrativer, rechtlicher oder sicherheitsrelevanter Notwendigkeiten aufbewahren m\u00fcssen.<\/p>\n\n\n\n<h2 class=\"wp-block-heading\">Wohin Ihre Daten gesendet werden<\/h2>\n\n\n\n<p>Besucherkommentare k\u00f6nnten von einem automatisierten Dienst zur Spam-Erkennung untersucht werden.<\/p>","protected":false},"excerpt":{"rendered":"<p>Who we are Our website address is: https:\/\/www.moptesting.com. Comments When visitors leave comments on the site we collect the data shown in the comments form, and also the visitor\u2019s IP address and browser user agent string to help spam detection. An anonymised string created from your email address (also called a hash) may be provided [&#8230;]","protected":false},"author":1,"featured_media":0,"parent":0,"menu_order":0,"comment_status":"closed","ping_status":"open","template":"","meta":{"footnotes":""},"class_list":["post-3","page","type-page","status-publish","hentry"],"yoast_head":"<!-- This site is optimized with the Yoast SEO plugin v24.2 - https:\/\/yoast.com\/wordpress\/plugins\/seo\/ -->\n<title>Our website address is: https:\/\/www.moptesting.com.- Mop Test Equipment<\/title>\n<meta name=\"description\" content=\"Privacy Policy for Cell Instruments Leakage Tester Site. Our website address is: https:\/\/www.moptesting.com\" \/>\n<meta name=\"robots\" content=\"index, follow, max-snippet:-1, max-image-preview:large, max-video-preview:-1\" \/>\n<link rel=\"canonical\" href=\"https:\/\/www.moptesting.com\/de\/privacy-policy\/\" \/>\n<meta property=\"og:locale\" content=\"de_DE\" \/>\n<meta property=\"og:type\" content=\"article\" \/>\n<meta property=\"og:title\" content=\"Our website address is: https:\/\/www.moptesting.com.- Mop Test Equipment\" \/>\n<meta property=\"og:description\" content=\"Privacy Policy for Cell Instruments Leakage Tester Site. Our website address is: https:\/\/www.moptesting.com\" \/>\n<meta property=\"og:url\" content=\"https:\/\/www.moptesting.com\/de\/privacy-policy\/\" \/>\n<meta property=\"og:site_name\" content=\"Mop Test Equipment\" \/>\n<meta property=\"article:publisher\" content=\"https:\/\/www.facebook.com\/cellinstruments\/\" \/>\n<meta property=\"article:modified_time\" content=\"2024-10-12T03:45:15+00:00\" \/>\n<meta name=\"twitter:card\" content=\"summary_large_image\" \/>\n<meta name=\"twitter:label1\" content=\"Gesch\u00e4tzte Lesezeit\" \/>\n\t<meta name=\"twitter:data1\" content=\"3\u00a0Minuten\" \/>\n<script type=\"application\/ld+json\" class=\"yoast-schema-graph\">{\"@context\":\"https:\/\/schema.org\",\"@graph\":[{\"@type\":\"WebPage\",\"@id\":\"https:\/\/www.moptesting.com\/privacy-policy\",\"url\":\"https:\/\/www.moptesting.com\/privacy-policy\",\"name\":\"Our website address is: https:\/\/www.moptesting.com.- Mop Test Equipment\",\"isPartOf\":{\"@id\":\"https:\/\/www.moptesting.com\/#website\"},\"datePublished\":\"2024-05-24T03:41:31+00:00\",\"dateModified\":\"2024-10-12T03:45:15+00:00\",\"description\":\"Privacy Policy for Cell Instruments Leakage Tester Site. Our website address is: https:\/\/www.moptesting.com\",\"breadcrumb\":{\"@id\":\"https:\/\/www.moptesting.com\/privacy-policy#breadcrumb\"},\"inLanguage\":\"de\",\"potentialAction\":[{\"@type\":\"ReadAction\",\"target\":[\"https:\/\/www.moptesting.com\/privacy-policy\"]}]},{\"@type\":\"BreadcrumbList\",\"@id\":\"https:\/\/www.moptesting.com\/privacy-policy#breadcrumb\",\"itemListElement\":[{\"@type\":\"ListItem\",\"position\":1,\"name\":\"Home\",\"item\":\"https:\/\/www.moptesting.com\/pt\/\"},{\"@type\":\"ListItem\",\"position\":2,\"name\":\"Privacy Policy\"}]},{\"@type\":\"WebSite\",\"@id\":\"https:\/\/www.moptesting.com\/#website\",\"url\":\"https:\/\/www.moptesting.com\/\",\"name\":\"Leakage Testing Solutions\",\"description\":\"CELL INSTRUMENTS CO., LTD.\",\"publisher\":{\"@id\":\"https:\/\/www.moptesting.com\/#organization\"},\"potentialAction\":[{\"@type\":\"SearchAction\",\"target\":{\"@type\":\"EntryPoint\",\"urlTemplate\":\"https:\/\/www.moptesting.com\/?s={search_term_string}\"},\"query-input\":{\"@type\":\"PropertyValueSpecification\",\"valueRequired\":true,\"valueName\":\"search_term_string\"}}],\"inLanguage\":\"de\"},{\"@type\":\"Organization\",\"@id\":\"https:\/\/www.moptesting.com\/#organization\",\"name\":\"Cell Instruments Co., Ltd.\",\"url\":\"https:\/\/www.moptesting.com\/\",\"logo\":{\"@type\":\"ImageObject\",\"inLanguage\":\"de\",\"@id\":\"https:\/\/www.moptesting.com\/#\/schema\/logo\/image\/\",\"url\":\"https:\/\/www.moptesting.com\/wp-content\/uploads\/2024\/05\/EN-One-Stop-Solutions-Provider.png\",\"contentUrl\":\"https:\/\/www.moptesting.com\/wp-content\/uploads\/2024\/05\/EN-One-Stop-Solutions-Provider.png\",\"width\":1269,\"height\":342,\"caption\":\"Cell Instruments Co., Ltd.\"},\"image\":{\"@id\":\"https:\/\/www.moptesting.com\/#\/schema\/logo\/image\/\"},\"sameAs\":[\"https:\/\/www.facebook.com\/cellinstruments\/\"]}]}<\/script>\n<!-- \/ Yoast SEO plugin. -->","yoast_head_json":{"title":"Our website address is: https:\/\/www.moptesting.com.- Mop Test Equipment","description":"Privacy Policy for Cell Instruments Leakage Tester Site. Our website address is: https:\/\/www.moptesting.com","robots":{"index":"index","follow":"follow","max-snippet":"max-snippet:-1","max-image-preview":"max-image-preview:large","max-video-preview":"max-video-preview:-1"},"canonical":"https:\/\/www.moptesting.com\/de\/privacy-policy\/","og_locale":"de_DE","og_type":"article","og_title":"Our website address is: https:\/\/www.moptesting.com.- Mop Test Equipment","og_description":"Privacy Policy for Cell Instruments Leakage Tester Site. Our website address is: https:\/\/www.moptesting.com","og_url":"https:\/\/www.moptesting.com\/de\/privacy-policy\/","og_site_name":"Mop Test Equipment","article_publisher":"https:\/\/www.facebook.com\/cellinstruments\/","article_modified_time":"2024-10-12T03:45:15+00:00","twitter_card":"summary_large_image","twitter_misc":{"Gesch\u00e4tzte Lesezeit":"3\u00a0Minuten"},"schema":{"@context":"https:\/\/schema.org","@graph":[{"@type":"WebPage","@id":"https:\/\/www.moptesting.com\/privacy-policy","url":"https:\/\/www.moptesting.com\/privacy-policy","name":"Our website address is: https:\/\/www.moptesting.com.- Mop Test Equipment","isPartOf":{"@id":"https:\/\/www.moptesting.com\/#website"},"datePublished":"2024-05-24T03:41:31+00:00","dateModified":"2024-10-12T03:45:15+00:00","description":"Privacy Policy for Cell Instruments Leakage Tester Site. Our website address is: https:\/\/www.moptesting.com","breadcrumb":{"@id":"https:\/\/www.moptesting.com\/privacy-policy#breadcrumb"},"inLanguage":"de","potentialAction":[{"@type":"ReadAction","target":["https:\/\/www.moptesting.com\/privacy-policy"]}]},{"@type":"BreadcrumbList","@id":"https:\/\/www.moptesting.com\/privacy-policy#breadcrumb","itemListElement":[{"@type":"ListItem","position":1,"name":"Home","item":"https:\/\/www.moptesting.com\/pt\/"},{"@type":"ListItem","position":2,"name":"Privacy Policy"}]},{"@type":"WebSite","@id":"https:\/\/www.moptesting.com\/#website","url":"https:\/\/www.moptesting.com\/","name":"Leakage Testing Solutions","description":"CELL INSTRUMENTS CO., LTD.","publisher":{"@id":"https:\/\/www.moptesting.com\/#organization"},"potentialAction":[{"@type":"SearchAction","target":{"@type":"EntryPoint","urlTemplate":"https:\/\/www.moptesting.com\/?s={search_term_string}"},"query-input":{"@type":"PropertyValueSpecification","valueRequired":true,"valueName":"search_term_string"}}],"inLanguage":"de"},{"@type":"Organization","@id":"https:\/\/www.moptesting.com\/#organization","name":"Cell Instruments Co., Ltd.","url":"https:\/\/www.moptesting.com\/","logo":{"@type":"ImageObject","inLanguage":"de","@id":"https:\/\/www.moptesting.com\/#\/schema\/logo\/image\/","url":"https:\/\/www.moptesting.com\/wp-content\/uploads\/2024\/05\/EN-One-Stop-Solutions-Provider.png","contentUrl":"https:\/\/www.moptesting.com\/wp-content\/uploads\/2024\/05\/EN-One-Stop-Solutions-Provider.png","width":1269,"height":342,"caption":"Cell Instruments Co., Ltd."},"image":{"@id":"https:\/\/www.moptesting.com\/#\/schema\/logo\/image\/"},"sameAs":["https:\/\/www.facebook.com\/cellinstruments\/"]}]}},"_links":{"self":[{"href":"https:\/\/www.moptesting.com\/de\/wp-json\/wp\/v2\/pages\/3","targetHints":{"allow":["GET"]}}],"collection":[{"href":"https:\/\/www.moptesting.com\/de\/wp-json\/wp\/v2\/pages"}],"about":[{"href":"https:\/\/www.moptesting.com\/de\/wp-json\/wp\/v2\/types\/page"}],"author":[{"embeddable":true,"href":"https:\/\/www.moptesting.com\/de\/wp-json\/wp\/v2\/users\/1"}],"replies":[{"embeddable":true,"href":"https:\/\/www.moptesting.com\/de\/wp-json\/wp\/v2\/comments?post=3"}],"version-history":[{"count":0,"href":"https:\/\/www.moptesting.com\/de\/wp-json\/wp\/v2\/pages\/3\/revisions"}],"wp:attachment":[{"href":"https:\/\/www.moptesting.com\/de\/wp-json\/wp\/v2\/media?parent=3"}],"curies":[{"name":"wp","href":"https:\/\/api.w.org\/{rel}","templated":true}]}}