{"id":3,"date":"2024-05-24T04:41:31","date_gmt":"2024-05-24T03:41:31","guid":{"rendered":"https:\/\/www.moptesting.com\/?page_id=3"},"modified":"2024-10-12T04:45:15","modified_gmt":"2024-10-12T03:45:15","slug":"privacy-policy","status":"publish","type":"page","link":"https:\/\/www.moptesting.com\/az\/privacy-policy","title":{"rendered":"M\u0259xfilik Siyas\u0259ti"},"content":{"rendered":"<h2 class=\"wp-block-heading\">Biz kimik<\/h2>\n\n\n\n<p>Veb sayt\u0131m\u0131z\u0131n \u00fcnvan\u0131: https:\/\/www.moptesting.com.<\/p>\n\n\n\n<h2 class=\"wp-block-heading\">\u015e\u0259rhl\u0259r<\/h2>\n\n\n\n<p>Ziyar\u0259t\u00e7il\u0259r saytda \u015f\u0259rhl\u0259r buraxd\u0131qda, spam a\u015fkarlanmas\u0131na k\u00f6m\u0259k etm\u0259k \u00fc\u00e7\u00fcn \u015f\u0259rh formas\u0131nda g\u00f6st\u0259ril\u0259n m\u0259lumatlar\u0131, h\u0259m\u00e7inin ziyar\u0259t\u00e7inin IP \u00fcnvan\u0131 v\u0259 brauzer istifad\u0259\u00e7i agenti s\u0259tirini toplay\u0131r\u0131q.<\/p>\n\n\n\n<p>E-po\u00e7t \u00fcnvan\u0131n\u0131zdan yarad\u0131lm\u0131\u015f anonim s\u0259tir (h\u0259m\u00e7inin hash adlan\u0131r) ondan istifad\u0259 edib-etm\u0259diyinizi g\u00f6rm\u0259k \u00fc\u00e7\u00fcn Gravatar xidm\u0259tin\u0259 t\u0259qdim edil\u0259 bil\u0259r. Gravatar xidm\u0259tinin M\u0259xfilik Siyas\u0259ti burada m\u00f6vcuddur: https:\/\/automattic.com\/privacy\/. \u015e\u0259rhiniz t\u0259sdiql\u0259ndikd\u0259n sonra profil \u015f\u0259kliniz \u015f\u0259rhinizin kontekstind\u0259 ictimaiyy\u0259t\u0259 g\u00f6r\u00fcn\u00fcr.<\/p>\n\n\n\n<h2 class=\"wp-block-heading\">Media<\/h2>\n\n\n\n<p>\u015e\u0259kill\u0259ri vebsayta y\u00fckl\u0259s\u0259niz, daxil edilmi\u015f yer m\u0259lumat\u0131 (EXIF GPS) olan \u015f\u0259kill\u0259ri y\u00fckl\u0259m\u0259kd\u0259n \u00e7\u0259kinm\u0259lisiniz. Vebsayt\u0131n ziyar\u0259t\u00e7il\u0259ri vebsaytdak\u0131 \u015f\u0259kill\u0259rd\u0259n ist\u0259nil\u0259n m\u0259kan m\u0259lumat\u0131n\u0131 y\u00fckl\u0259y\u0259 v\u0259 \u00e7\u0131xara bil\u0259rl\u0259r.<\/p>\n\n\n\n<h2 class=\"wp-block-heading\">Kukil\u0259r<\/h2>\n\n\n\n<p>Sayt\u0131m\u0131zda \u015f\u0259rh buraxsan\u0131z, ad\u0131n\u0131z\u0131, e-po\u00e7t \u00fcnvan\u0131n\u0131z\u0131 v\u0259 veb sayt\u0131n\u0131z\u0131 kukil\u0259rd\u0259 saxlama\u011f\u0131 se\u00e7\u0259 bil\u0259rsiniz. Bunlar sizin rahatl\u0131\u011f\u0131n\u0131z \u00fc\u00e7\u00fcnd\u00fcr ki, ba\u015fqa bir \u015f\u0259rh yazark\u0259n t\u0259f\u0259rr\u00fcatlar\u0131n\u0131z\u0131 yenid\u0259n doldurmaq m\u0259cburiyy\u0259tind\u0259 qalmayas\u0131n\u0131z. Bu pe\u00e7enyel\u0259r bir il davam ed\u0259c\u0259k.<\/p>\n\n\n\n<p>Giri\u015f s\u0259hif\u0259miz\u0259 daxil olsan\u0131z, brauzerinizin kukil\u0259ri q\u0259bul edib-etm\u0259diyini m\u00fc\u0259yy\u0259n etm\u0259k \u00fc\u00e7\u00fcn m\u00fcv\u0259qq\u0259ti kuki qura\u015fd\u0131raca\u011f\u0131q. Bu kuki he\u00e7 bir \u015f\u0259xsi m\u0259lumat ehtiva etmir v\u0259 siz brauzerinizi ba\u011flad\u0131\u011f\u0131n\u0131z zaman silinir.<\/p>\n\n\n\n<p>Siz daxil oldu\u011funuz zaman, biz h\u0259m\u00e7inin giri\u015f m\u0259lumatlar\u0131n\u0131z\u0131 v\u0259 ekran se\u00e7iml\u0259rinizi saxlamaq \u00fc\u00e7\u00fcn bir ne\u00e7\u0259 kuki qura\u015fd\u0131raca\u011f\u0131q. Giri\u015f kukil\u0259ri iki g\u00fcn, ekran se\u00e7iml\u0259ri kukil\u0259ri is\u0259 bir il davam edir. \u201cM\u0259ni yadda saxla\u201d se\u00e7imini ets\u0259niz, giri\u015finiz iki h\u0259ft\u0259 davam ed\u0259c\u0259k. Hesab\u0131n\u0131zdan \u00e7\u0131xsan\u0131z, giri\u015f kukil\u0259ri silin\u0259c\u0259k.<\/p>\n\n\n\n<p>\u018fg\u0259r m\u0259qal\u0259ni redakt\u0259 ets\u0259niz v\u0259 ya d\u0259rc ets\u0259niz, brauzerinizd\u0259 \u0259lav\u0259 kuki yadda saxlan\u0131lacaq. Bu kuki he\u00e7 bir \u015f\u0259xsi m\u0259lumat\u0131 ehtiva etmir v\u0259 sad\u0259c\u0259 redakt\u0259 etdiyiniz m\u0259qal\u0259nin po\u00e7t ID-sini g\u00f6st\u0259rir. 1 g\u00fcnd\u0259n sonra m\u00fcdd\u0259ti bitir.<\/p>\n\n\n\n<h2 class=\"wp-block-heading\">Dig\u0259r veb saytlardan daxil edilmi\u015f m\u0259zmun<\/h2>\n\n\n\n<p>Bu saytda m\u0259qal\u0259l\u0259r daxil edilmi\u015f m\u0259zmunu (m\u0259s\u0259l\u0259n, videolar, \u015f\u0259kill\u0259r, m\u0259qal\u0259l\u0259r v\u0259 s.) ehtiva ed\u0259 bil\u0259r. Dig\u0259r veb-saytlardan daxil edilmi\u015f m\u0259zmun, ziyar\u0259t\u00e7inin dig\u0259r veb-sayt\u0131 ziyar\u0259t etdiyi kimi davran\u0131r.<\/p>\n\n\n\n<p>Bu veb-saytlar sizin haqq\u0131n\u0131zda m\u0259lumat toplaya, kukil\u0259rd\u0259n istifad\u0259 ed\u0259, \u0259lav\u0259 \u00fc\u00e7\u00fcnc\u00fc t\u0259r\u0259f izl\u0259m\u0259 yerl\u0259\u015fdir\u0259 v\u0259 bu daxil edilmi\u015f m\u0259zmunla qar\u015f\u0131l\u0131ql\u0131 \u0259laq\u0259niz\u0259, o c\u00fcml\u0259d\u0259n hesab\u0131n\u0131z varsa v\u0259 h\u0259min vebsayta daxil olsan\u0131z, daxil edilmi\u015f m\u0259zmunla qar\u015f\u0131l\u0131ql\u0131 \u0259laq\u0259nizi izl\u0259y\u0259 bil\u0259r.<\/p>\n\n\n\n<h2 class=\"wp-block-heading\">M\u0259lumatlar\u0131n\u0131z\u0131 kiminl\u0259 payla\u015f\u0131r\u0131q<\/h2>\n\n\n\n<p><strong class=\"privacy-policy-tutorial\"> <\/strong>Parolun s\u0131f\u0131rlanmas\u0131n\u0131 t\u0259l\u0259b ets\u0259niz, IP \u00fcnvan\u0131n\u0131z s\u0131f\u0131rlama e-po\u00e7tuna daxil edil\u0259c\u0259k.<\/p>\n\n\n\n<h2 class=\"wp-block-heading\">M\u0259lumatlar\u0131n\u0131z\u0131 n\u0259 q\u0259d\u0259r m\u00fcdd\u0259t\u0259 saxlay\u0131r\u0131q<\/h2>\n\n\n\n<p>\u015e\u0259rh buraxsan\u0131z, \u015f\u0259rh v\u0259 onun metadatas\u0131 qeyri-m\u00fc\u0259yy\u0259n m\u00fcdd\u0259t\u0259 saxlan\u0131l\u0131r. Bu ona g\u00f6r\u0259dir ki, biz h\u0259r hans\u0131 t\u0259qib \u015f\u0259rhl\u0259rini moderasiya n\u00f6vb\u0259sind\u0259 saxlamaq \u0259v\u0259zin\u0259 avtomatik olaraq tan\u0131ya v\u0259 t\u0259sdiq ed\u0259 bil\u0259k.<\/p>\n\n\n\n<p>Veb sayt\u0131m\u0131zda qeydiyyatdan ke\u00e7\u0259n istifad\u0259\u00e7il\u0259r \u00fc\u00e7\u00fcn (\u0259g\u0259r varsa), onlar\u0131n t\u0259qdim etdiyi \u015f\u0259xsi m\u0259lumatlar\u0131 da onlar\u0131n istifad\u0259\u00e7i profilind\u0259 saxlay\u0131r\u0131q. B\u00fct\u00fcn istifad\u0259\u00e7il\u0259r \u00f6z \u015f\u0259xsi m\u0259lumatlar\u0131n\u0131 ist\u0259nil\u0259n vaxt g\u00f6r\u0259, redakt\u0259 ed\u0259 v\u0259 ya sil\u0259 bil\u0259r (istifad\u0259\u00e7i ad\u0131n\u0131 d\u0259yi\u015f\u0259 bilm\u0259dikl\u0259ri istisna olmaqla). Veb sayt administratorlar\u0131 da h\u0259min m\u0259lumatlar\u0131 g\u00f6r\u0259 v\u0259 redakt\u0259 ed\u0259 bil\u0259rl\u0259r.<\/p>\n\n\n\n<h2 class=\"wp-block-heading\">M\u0259lumatlar\u0131n\u0131z \u00fcz\u0259rind\u0259 hans\u0131 h\u00fcquqlar\u0131n\u0131z var<\/h2>\n\n\n\n<p>Bu saytda hesab\u0131n\u0131z varsa v\u0259 ya \u015f\u0259rhl\u0259riniz varsa, haqq\u0131n\u0131zda saxlad\u0131\u011f\u0131m\u0131z \u015f\u0259xsi m\u0259lumatlar\u0131n, o c\u00fcml\u0259d\u0259n biz\u0259 t\u0259qdim etdiyiniz h\u0259r hans\u0131 m\u0259lumat\u0131n ixrac edilmi\u015f fayl\u0131n\u0131 \u0259ld\u0259 etm\u0259yi t\u0259l\u0259b ed\u0259 bil\u0259rsiniz. Siz h\u0259m\u00e7inin sizin haqq\u0131n\u0131zda saxlad\u0131\u011f\u0131m\u0131z h\u0259r hans\u0131 \u015f\u0259xsi m\u0259lumat\u0131 silm\u0259yimizi t\u0259l\u0259b ed\u0259 bil\u0259rsiniz. Bu, inzibati, h\u00fcquqi v\u0259 ya t\u0259hl\u00fck\u0259sizlik m\u0259qs\u0259dl\u0259ri \u00fc\u00e7\u00fcn saxlama\u011fa borclu oldu\u011fumuz h\u0259r hans\u0131 m\u0259lumat\u0131 \u0259hat\u0259 etmir.<\/p>\n\n\n\n<h2 class=\"wp-block-heading\">M\u0259lumatlar\u0131n\u0131z\u0131n g\u00f6nd\u0259rildiyi yer<\/h2>\n\n\n\n<p>Ziyar\u0259t\u00e7i \u015f\u0259rhl\u0259ri avtomatik spam a\u015fkarlama xidm\u0259ti vasit\u0259sil\u0259 yoxlan\u0131la bil\u0259r.<\/p>","protected":false},"excerpt":{"rendered":"<p>Who we are Our website address is: https:\/\/www.moptesting.com. Comments When visitors leave comments on the site we collect the data shown in the comments form, and also the visitor\u2019s IP address and browser user agent string to help spam detection. An anonymised string created from your email address (also called a hash) may be provided [&#8230;]","protected":false},"author":1,"featured_media":0,"parent":0,"menu_order":0,"comment_status":"closed","ping_status":"open","template":"","meta":{"footnotes":""},"class_list":["post-3","page","type-page","status-publish","hentry"],"yoast_head":"<!-- This site is optimized with the Yoast SEO plugin v24.2 - https:\/\/yoast.com\/wordpress\/plugins\/seo\/ -->\n<title>Our website address is: https:\/\/www.moptesting.com.- Mop Test Equipment<\/title>\n<meta name=\"description\" content=\"Privacy Policy for Cell Instruments Leakage Tester Site. Our website address is: https:\/\/www.moptesting.com\" \/>\n<meta name=\"robots\" content=\"index, follow, max-snippet:-1, max-image-preview:large, max-video-preview:-1\" \/>\n<link rel=\"canonical\" href=\"https:\/\/www.moptesting.com\/az\/privacy-policy\/\" \/>\n<meta property=\"og:locale\" content=\"az_AZ\" \/>\n<meta property=\"og:type\" content=\"article\" \/>\n<meta property=\"og:title\" content=\"Our website address is: https:\/\/www.moptesting.com.- Mop Test Equipment\" \/>\n<meta property=\"og:description\" content=\"Privacy Policy for Cell Instruments Leakage Tester Site. Our website address is: https:\/\/www.moptesting.com\" \/>\n<meta property=\"og:url\" content=\"https:\/\/www.moptesting.com\/az\/privacy-policy\/\" \/>\n<meta property=\"og:site_name\" content=\"Mop Test Equipment\" \/>\n<meta property=\"article:publisher\" content=\"https:\/\/www.facebook.com\/cellinstruments\/\" \/>\n<meta property=\"article:modified_time\" content=\"2024-10-12T03:45:15+00:00\" \/>\n<meta name=\"twitter:card\" content=\"summary_large_image\" \/>\n<meta name=\"twitter:label1\" content=\"Est. reading time\" \/>\n\t<meta name=\"twitter:data1\" content=\"3 minutes\" \/>\n<script type=\"application\/ld+json\" class=\"yoast-schema-graph\">{\"@context\":\"https:\/\/schema.org\",\"@graph\":[{\"@type\":\"WebPage\",\"@id\":\"https:\/\/www.moptesting.com\/privacy-policy\",\"url\":\"https:\/\/www.moptesting.com\/privacy-policy\",\"name\":\"Our website address is: https:\/\/www.moptesting.com.- Mop Test Equipment\",\"isPartOf\":{\"@id\":\"https:\/\/www.moptesting.com\/#website\"},\"datePublished\":\"2024-05-24T03:41:31+00:00\",\"dateModified\":\"2024-10-12T03:45:15+00:00\",\"description\":\"Privacy Policy for Cell Instruments Leakage Tester Site. Our website address is: https:\/\/www.moptesting.com\",\"breadcrumb\":{\"@id\":\"https:\/\/www.moptesting.com\/privacy-policy#breadcrumb\"},\"inLanguage\":\"az\",\"potentialAction\":[{\"@type\":\"ReadAction\",\"target\":[\"https:\/\/www.moptesting.com\/privacy-policy\"]}]},{\"@type\":\"BreadcrumbList\",\"@id\":\"https:\/\/www.moptesting.com\/privacy-policy#breadcrumb\",\"itemListElement\":[{\"@type\":\"ListItem\",\"position\":1,\"name\":\"Home\",\"item\":\"https:\/\/www.moptesting.com\/pt\/\"},{\"@type\":\"ListItem\",\"position\":2,\"name\":\"Privacy Policy\"}]},{\"@type\":\"WebSite\",\"@id\":\"https:\/\/www.moptesting.com\/#website\",\"url\":\"https:\/\/www.moptesting.com\/\",\"name\":\"Leakage Testing Solutions\",\"description\":\"CELL INSTRUMENTS CO., LTD.\",\"publisher\":{\"@id\":\"https:\/\/www.moptesting.com\/#organization\"},\"potentialAction\":[{\"@type\":\"SearchAction\",\"target\":{\"@type\":\"EntryPoint\",\"urlTemplate\":\"https:\/\/www.moptesting.com\/?s={search_term_string}\"},\"query-input\":{\"@type\":\"PropertyValueSpecification\",\"valueRequired\":true,\"valueName\":\"search_term_string\"}}],\"inLanguage\":\"az\"},{\"@type\":\"Organization\",\"@id\":\"https:\/\/www.moptesting.com\/#organization\",\"name\":\"Cell Instruments Co., Ltd.\",\"url\":\"https:\/\/www.moptesting.com\/\",\"logo\":{\"@type\":\"ImageObject\",\"inLanguage\":\"az\",\"@id\":\"https:\/\/www.moptesting.com\/#\/schema\/logo\/image\/\",\"url\":\"https:\/\/www.moptesting.com\/wp-content\/uploads\/2024\/05\/EN-One-Stop-Solutions-Provider.png\",\"contentUrl\":\"https:\/\/www.moptesting.com\/wp-content\/uploads\/2024\/05\/EN-One-Stop-Solutions-Provider.png\",\"width\":1269,\"height\":342,\"caption\":\"Cell Instruments Co., Ltd.\"},\"image\":{\"@id\":\"https:\/\/www.moptesting.com\/#\/schema\/logo\/image\/\"},\"sameAs\":[\"https:\/\/www.facebook.com\/cellinstruments\/\"]}]}<\/script>\n<!-- \/ Yoast SEO plugin. -->","yoast_head_json":{"title":"Our website address is: https:\/\/www.moptesting.com.- Mop Test Equipment","description":"Privacy Policy for Cell Instruments Leakage Tester Site. Our website address is: https:\/\/www.moptesting.com","robots":{"index":"index","follow":"follow","max-snippet":"max-snippet:-1","max-image-preview":"max-image-preview:large","max-video-preview":"max-video-preview:-1"},"canonical":"https:\/\/www.moptesting.com\/az\/privacy-policy\/","og_locale":"az_AZ","og_type":"article","og_title":"Our website address is: https:\/\/www.moptesting.com.- Mop Test Equipment","og_description":"Privacy Policy for Cell Instruments Leakage Tester Site. Our website address is: https:\/\/www.moptesting.com","og_url":"https:\/\/www.moptesting.com\/az\/privacy-policy\/","og_site_name":"Mop Test Equipment","article_publisher":"https:\/\/www.facebook.com\/cellinstruments\/","article_modified_time":"2024-10-12T03:45:15+00:00","twitter_card":"summary_large_image","twitter_misc":{"Est. reading time":"3 minutes"},"schema":{"@context":"https:\/\/schema.org","@graph":[{"@type":"WebPage","@id":"https:\/\/www.moptesting.com\/privacy-policy","url":"https:\/\/www.moptesting.com\/privacy-policy","name":"Our website address is: https:\/\/www.moptesting.com.- Mop Test Equipment","isPartOf":{"@id":"https:\/\/www.moptesting.com\/#website"},"datePublished":"2024-05-24T03:41:31+00:00","dateModified":"2024-10-12T03:45:15+00:00","description":"Privacy Policy for Cell Instruments Leakage Tester Site. Our website address is: https:\/\/www.moptesting.com","breadcrumb":{"@id":"https:\/\/www.moptesting.com\/privacy-policy#breadcrumb"},"inLanguage":"az","potentialAction":[{"@type":"ReadAction","target":["https:\/\/www.moptesting.com\/privacy-policy"]}]},{"@type":"BreadcrumbList","@id":"https:\/\/www.moptesting.com\/privacy-policy#breadcrumb","itemListElement":[{"@type":"ListItem","position":1,"name":"Home","item":"https:\/\/www.moptesting.com\/pt\/"},{"@type":"ListItem","position":2,"name":"Privacy Policy"}]},{"@type":"WebSite","@id":"https:\/\/www.moptesting.com\/#website","url":"https:\/\/www.moptesting.com\/","name":"Leakage Testing Solutions","description":"CELL INSTRUMENTS CO., LTD.","publisher":{"@id":"https:\/\/www.moptesting.com\/#organization"},"potentialAction":[{"@type":"SearchAction","target":{"@type":"EntryPoint","urlTemplate":"https:\/\/www.moptesting.com\/?s={search_term_string}"},"query-input":{"@type":"PropertyValueSpecification","valueRequired":true,"valueName":"search_term_string"}}],"inLanguage":"az"},{"@type":"Organization","@id":"https:\/\/www.moptesting.com\/#organization","name":"Cell Instruments Co., Ltd.","url":"https:\/\/www.moptesting.com\/","logo":{"@type":"ImageObject","inLanguage":"az","@id":"https:\/\/www.moptesting.com\/#\/schema\/logo\/image\/","url":"https:\/\/www.moptesting.com\/wp-content\/uploads\/2024\/05\/EN-One-Stop-Solutions-Provider.png","contentUrl":"https:\/\/www.moptesting.com\/wp-content\/uploads\/2024\/05\/EN-One-Stop-Solutions-Provider.png","width":1269,"height":342,"caption":"Cell Instruments Co., Ltd."},"image":{"@id":"https:\/\/www.moptesting.com\/#\/schema\/logo\/image\/"},"sameAs":["https:\/\/www.facebook.com\/cellinstruments\/"]}]}},"_links":{"self":[{"href":"https:\/\/www.moptesting.com\/az\/wp-json\/wp\/v2\/pages\/3","targetHints":{"allow":["GET"]}}],"collection":[{"href":"https:\/\/www.moptesting.com\/az\/wp-json\/wp\/v2\/pages"}],"about":[{"href":"https:\/\/www.moptesting.com\/az\/wp-json\/wp\/v2\/types\/page"}],"author":[{"embeddable":true,"href":"https:\/\/www.moptesting.com\/az\/wp-json\/wp\/v2\/users\/1"}],"replies":[{"embeddable":true,"href":"https:\/\/www.moptesting.com\/az\/wp-json\/wp\/v2\/comments?post=3"}],"version-history":[{"count":0,"href":"https:\/\/www.moptesting.com\/az\/wp-json\/wp\/v2\/pages\/3\/revisions"}],"wp:attachment":[{"href":"https:\/\/www.moptesting.com\/az\/wp-json\/wp\/v2\/media?parent=3"}],"curies":[{"name":"wp","href":"https:\/\/api.w.org\/{rel}","templated":true}]}}